{"id":20,"date":"2025-03-11T16:58:49","date_gmt":"2025-03-11T16:58:49","guid":{"rendered":"https:\/\/sound4u.pl\/?page_id=20"},"modified":"2025-03-11T18:00:30","modified_gmt":"2025-03-11T18:00:30","slug":"o-nas","status":"publish","type":"page","link":"https:\/\/sound4u.pl\/index.php\/o-nas\/","title":{"rendered":"O NAS"},"content":{"rendered":"\n<h2 class=\"wp-block-heading has-text-align-center\">O NAS<\/h2>\n\n\n\n<p class=\"has-text-align-center\"><strong>Nasza ekipa<\/strong><br>Nasz team to m\u0142ode osoby z pasj\u0105 i zami\u0142owaniem do swojej pracy. <\/p>\n\n\n\n<p class=\"has-text-align-center\">Z ka\u017cdym dniem chcemy rozwija\u0107 si\u0119 i poszerza\u0107 swoje horyzonty, aby nasze us\u0142ugi by\u0142y na jak najwy\u017cszym poziomie.<\/p>\n\n\n\n<figure class=\"wp-block-image aligncenter size-large is-resized\"><img loading=\"lazy\" decoding=\"async\" width=\"1024\" height=\"1024\" src=\"https:\/\/sound4u.pl\/wp-content\/uploads\/2025\/03\/LOGO-1-1-1024x1024.png\" alt=\"\" class=\"wp-image-15\" style=\"width:384px;height:auto\" srcset=\"https:\/\/sound4u.pl\/wp-content\/uploads\/2025\/03\/LOGO-1-1-1024x1024.png 1024w, https:\/\/sound4u.pl\/wp-content\/uploads\/2025\/03\/LOGO-1-1-300x300.png 300w, https:\/\/sound4u.pl\/wp-content\/uploads\/2025\/03\/LOGO-1-1-150x150.png 150w, https:\/\/sound4u.pl\/wp-content\/uploads\/2025\/03\/LOGO-1-1-768x768.png 768w, https:\/\/sound4u.pl\/wp-content\/uploads\/2025\/03\/LOGO-1-1-1536x1536.png 1536w, https:\/\/sound4u.pl\/wp-content\/uploads\/2025\/03\/LOGO-1-1.png 2000w\" sizes=\"auto, (max-width: 1024px) 100vw, 1024px\" \/><\/figure>\n\n\n\n<p class=\"has-text-align-center\">Za\u0142o\u017cone w 2020 roku studio Sound4U rozpocz\u0119\u0142o swoj\u0105 dzia\u0142alno\u015b\u0107, maj\u0105c na celu zaspokojenie potrzeb lokalnych muzyk\u00f3w. <\/p>\n\n\n\n<p class=\"has-text-align-center\">Od tego czasu rozszerzyli\u015bmy zar\u00f3wno oferowane przez nas us\u0142ugi, jak i asortyment sprz\u0119tu, kt\u00f3ry zapewniamy naszym klientom. <\/p>\n\n\n\n<p class=\"has-text-align-center\">Nasze Studio nagra\u0144 zapewnia komfortowe i innowacyjne \u015brodowisko pracy. <\/p>\n\n\n\n<p class=\"has-text-align-center\">Niezale\u017cnie od tego, jakie d\u017awi\u0119ki chcesz stworzy\u0107 i nagra\u0107, nasz zesp\u00f3\u0142 pomo\u017ce Ci w pe\u0142ni wykorzysta\u0107 swoje umiej\u0119tno\u015bci i kreatywno\u015b\u0107. \u2028Odwied\u017a nasze studio ju\u017c dzi\u015b!<\/p>\n\n\n\n<p><\/p>\n","protected":false},"excerpt":{"rendered":"<p>O NAS Nasza ekipaNasz team to m\u0142ode osoby z pasj\u0105 i zami\u0142owaniem do swojej pracy. Z ka\u017cdym dniem chcemy rozwija\u0107 si\u0119 i poszerza\u0107 swoje horyzonty, aby nasze us\u0142ugi by\u0142y na jak najwy\u017cszym poziomie. Za\u0142o\u017cone w 2020 roku studio Sound4U rozpocz\u0119\u0142o swoj\u0105 dzia\u0142alno\u015b\u0107, maj\u0105c na celu zaspokojenie potrzeb lokalnych muzyk\u00f3w. Od tego czasu rozszerzyli\u015bmy zar\u00f3wno oferowane&#8230;<\/p>\n","protected":false},"author":1,"featured_media":0,"parent":0,"menu_order":0,"comment_status":"closed","ping_status":"closed","template":"page-full-width","meta":{"footnotes":""},"class_list":["post-20","page","type-page","status-publish","hentry"],"_links":{"self":[{"href":"https:\/\/sound4u.pl\/index.php\/wp-json\/wp\/v2\/pages\/20","targetHints":{"allow":["GET"]}}],"collection":[{"href":"https:\/\/sound4u.pl\/index.php\/wp-json\/wp\/v2\/pages"}],"about":[{"href":"https:\/\/sound4u.pl\/index.php\/wp-json\/wp\/v2\/types\/page"}],"author":[{"embeddable":true,"href":"https:\/\/sound4u.pl\/index.php\/wp-json\/wp\/v2\/users\/1"}],"replies":[{"embeddable":true,"href":"https:\/\/sound4u.pl\/index.php\/wp-json\/wp\/v2\/comments?post=20"}],"version-history":[{"count":2,"href":"https:\/\/sound4u.pl\/index.php\/wp-json\/wp\/v2\/pages\/20\/revisions"}],"predecessor-version":[{"id":93,"href":"https:\/\/sound4u.pl\/index.php\/wp-json\/wp\/v2\/pages\/20\/revisions\/93"}],"wp:attachment":[{"href":"https:\/\/sound4u.pl\/index.php\/wp-json\/wp\/v2\/media?parent=20"}],"curies":[{"name":"wp","href":"https:\/\/api.w.org\/{rel}","templated":true}]}}